{"id":382,"date":"2015-03-22T12:05:27","date_gmt":"2015-03-22T11:05:27","guid":{"rendered":"http:\/\/neu.instyleliving.eu\/datenschutz-2\/"},"modified":"2015-06-24T22:52:20","modified_gmt":"2015-06-24T20:52:20","slug":"privacy","status":"publish","type":"page","link":"https:\/\/www.instyleliving.com\/en\/privacy\/","title":{"rendered":"Privacy"},"content":{"rendered":"<div  class='flex_column av-av_one_full-2a9015ff38129c418a3f2eafba3e9512 av_one_full  avia-builder-el-0  avia-builder-el-no-sibling  first flex_column_div  '     ><p>\n<style type=\"text\/css\" data-created_by=\"avia_inline_auto\" id=\"style-css-av-av_heading-ad228c260b199d23fe047de097864d87\">\n#top .av-special-heading.av-av_heading-ad228c260b199d23fe047de097864d87{\npadding-bottom:10px;\n}\nbody .av-special-heading.av-av_heading-ad228c260b199d23fe047de097864d87 .av-special-heading-tag .heading-char{\nfont-size:25px;\n}\n.av-special-heading.av-av_heading-ad228c260b199d23fe047de097864d87 .av-subheading{\nfont-size:15px;\n}\n<\/style>\n<div  class='av-special-heading av-av_heading-ad228c260b199d23fe047de097864d87 av-special-heading-h3  avia-builder-el-1  el_before_av_hr  avia-builder-el-first '><h3 class='av-special-heading-tag '  >Datenschutz<\/h3><div class=\"special-heading-border\"><div class=\"special-heading-inner-border\"><\/div><\/div><\/div><br \/>\n\n<style type=\"text\/css\" data-created_by=\"avia_inline_auto\" id=\"style-css-av-av_hr-f5dc386e95c5f49046748e3e6d3edca5\">\n#top .hr.hr-invisible.av-av_hr-f5dc386e95c5f49046748e3e6d3edca5{\nheight:20px;\n}\n<\/style>\n<div  class='hr av-av_hr-f5dc386e95c5f49046748e3e6d3edca5 hr-invisible  avia-builder-el-2  el_after_av_heading  el_before_av_textblock '><span class='hr-inner '><span class=\"hr-inner-style\"><\/span><\/span><\/div><br \/>\n<section  class='av_textblock_section av-av_textblock-0366cc7376be6c9e82a3e9cc8987b64f '  ><div class='avia_textblock' ><p>Gem\u00e4\u00df der Informationspflicht laut den Bestimmungen von \u00a7 10 des Gesetzes 34\/2002, vom 11. Juli \u00fcber die Leistungen der Informationsgesellschaft und den elektronischen Handel (spanisches Recht), geben wir folgende Daten an:<\/p>\n<p>Die Gesellschaft, die Inhaber dieser Webseite ist, hat den Firmensitz in CALLE ISLAS BALEARES 28 \u2013 30 in 07180 SANTA PONSA (BALEAREN) und die Steuernummer C.I.F. B57200958.<\/p>\n<p>1. Kontaktadresse: <a href=\"mailto:info@instyleliving.eu\">info@instyleliving.eu<\/a><\/p>\n<p>2. Als verantwortlicher Inhaber der automatisierten Dateien, die \u00fcber die Webseite INSTYLE LIVING HOUSE &amp; GARDEN FURNITURE S.L. erstellt werden, m\u00f6chten wir die Besucher und User der Webseite \u00fcber die Bestimmung zum Schutz und zur Handhabung von pers\u00f6nlichen Daten informieren, die beim Ausf\u00fcllen eines Formulars auf www.<a href=\"mailto:info@instyleliving.eu\">info@instyleliving.eu<\/a> gelten, wo pers\u00f6nliche Daten erfasst werden, unbeschadet der Bestimmungen der Datenschutzklausel, die f\u00fcr jedes konkrete Formular gilt. In jedem Fall garantiert INSTYLE LIVING HOUSE &amp; GARDEN FURNITURE S.L. jederzeit die vollst\u00e4ndige Einhaltung der Vorschriften des Gesetzes 15\/1999, vom 13. Dezember, bez\u00fcglich des Schutzes von pers\u00f6nlichen Daten, sowie des K\u00f6niglichen Dekrets 994\/1999, \u00fcber das die Regelung f\u00fcr Sicherheitsma\u00dfnahmen sowie sonstige Ausf\u00fchrungsrichtlinien verabschiedet wurden.<\/p>\n<p>3. Die erfassten pers\u00f6nlichen Daten der User oder Besucher der Webseite werden in einer automatisierten Datei abgespeichert, deren Verantwortlicher die Gesellschaft INSTYLE LIVING HOUSE &amp; GARDEN FURNITURE S.L. ist, mit dem Zweck, Zugang zu den angebotenen Inhalten der Webseite zu gew\u00e4hrleisten, die Dienstleistungen und\/oder Inhalte der Webseite zu gew\u00e4hrleisten, bearbeiten, verwalten, erweitern und verbessern, diese Dienstleistungen den Einstellungen\u00a0 und Vorlieben der User anzupassen, die Nutzung der Dienstleistungen durch die Besucher und User auszuwerten, die Wartung und Zwischenfallbehebung der Webseite zu gew\u00e4hrleisten, sowie Werbezwecke und Marktsondierungen in Bezug auf die Produkte und Dienstleistungen von INSTYLE LIVING HOUSE &amp; GARDEN FURNITURE S.L. zu erf\u00fcllen.\u00a0 Diese Daten k\u00f6nnen an dritte Firmen \u00fcbermittelt werden, mit dem Zweck, dass die gew\u00fcnschten Dienstleistungen oder Informationen weitergeleitet werden, wobei der \u00dcbertragung der Daten an Dritte ausdr\u00fccklich zugestimmt wird.<\/p>\n<p>4. INSTYLE LIVING HOUSE &amp; GARDEN FURNITURE S.L. wird die Nutzer und Besucher der Webseite \u00fcber die Pflicht, bzw. Nicht-Pflicht informieren, die gesamten und vollst\u00e4ndigen pers\u00f6nlichen Daten mitzuteilen, die auf den Zugangs- und Anmeldeformularen f\u00fcr die Dienstleistungen und Inhalte der Webseite erforderlich sind.\u00a0 Der Hinweis wird im Moment der Erfassung der Daten durch visuelle Hinweise gemacht, wie z.B. durch ein schwimmendes Fenster, die Verwendung von Sternchen oder Symbolen neben den angefragten Daten, oder \u00e4hnlichen Systemen. Eine Verweigerung, die erw\u00fcnschten pers\u00f6nlichen Daten mitzuteilen, bzw. eine Mitteilung von unkorrekten oder nicht vollst\u00e4ndigen Daten kann eine unangemessene, ineffiziente oder fehlerhafte Leistung bzw. eine Nicht-Leistung der angebotenen Dienstleistungen oder Inhalte zur Folge haben.<\/p>\n<p>5. Auf jedem Formular, das der Nutzer oder der Besucher der Webseite ausf\u00fcllt, wird er von INSTYLE LIVING HOUSE &amp; GARDEN FURNITURE S.L. ausdr\u00fccklich um Erlaubnis f\u00fcr die Mitteilung der pers\u00f6nlichen Daten an Firmen, die INSTYLE LIVING HOUSE &amp; GARDEN FURNITURE S.L.\u00a0 geh\u00f6ren, f\u00fcr die Zusendung von Information und Werbung, gebeten. Der Besucher und\/oder Nutzer kann diese \u00dcbertragung von Daten verweigern, sowohl in dem zun\u00e4chst auszuf\u00fcllenden Formular als auch jederzeit sp\u00e4ter, per schriftlicher Mitteilung an folgende Adresse: <a href=\"mailto:info@instyleliving.eu\">info@instyleliving.eu<\/a>.<\/p>\n<p>6. INSTYLE LIVING HOUSE &amp; GARDEN FURNITURE S.L. kann diese Datenschutzbestimmung je nach gesetzlichen Vorschriften, Richtlinien oder um die Bestimmung an die Vorschriften der spanischen Agentur f\u00fcr Datenschutz anzupassen ab\u00e4ndern. Daher wird den Nutzern empfohlen, diese regelm\u00e4\u00dfig nachzulesen.<\/p>\n<p>7. INSTYLE LIVING HOUSE &amp; GARDEN FURNITURE S.L. ist sich v\u00f6llig bewusst, welche Nutzung und Behandlung f\u00fcr die pers\u00f6nlichen Daten angebracht sind, die von den Nutzern ihrer Webseiten mit dem Ziel erfasst werden, die angebotenen Dienstleistungen zu verwalten oder um ihnen kommerzielle Mitteilungen \u00fcber Produkte oder Dienstleistungen zukommen zu lassen, die von Interesse f\u00fcr den Nutzer sein k\u00f6nnten.<\/p>\n<p>8. INSTYLE LIVING HOUSE &amp; GARDEN FURNITURE S.L. wird die notwendigen technischen und organisatorischen Ma\u00dfnahmen vornehmen, um die Sicherheit der pers\u00f6nlichen Daten zu gew\u00e4hrleisten und um deren Besch\u00e4digung, Verlust und nicht autorisierte Behandlung oder Zugriff zu vermeiden, unter Ber\u00fccksichtigung der Technologie gem\u00e4\u00df den Bestimmungen der Regelung f\u00fcr Sicherheitsvorkehrungen f\u00fcr automatisierte Dateien, die pers\u00f6nliche Daten beinhalten, kraft verabschiedetem K\u00f6niglichem Dekret 994\/1999, vom 11. Juli.<\/p>\n<p>9. Die Nutzer tragen die Verantwortung, in jeden Fall, f\u00fcr die Richtigkeit der mitgeteilten Daten, sowie f\u00fcr die Mitteilung jeglicher \u00c4nderungen an INSTYLE LIVING HOUSE &amp; GARDEN FURNITURE S.L., per schriftlicher Mitteilung an <a href=\"mailto:info@instyleliving.eu\">info@instyleliving.eu<\/a>, wobei INSTYLE LIVING HOUSE &amp; GARDEN FURNITURE S.L. von jeglicher Verantwortung diesbez\u00fcglich befreit wird.<\/p>\n<p>10. Die Nutzer kennen ihre Zugriffs-, \u00c4nderungs-, K\u00fcndigungs- und Widerspruchsrechte und k\u00f6nnen diese jederzeit per schriftlicher Mitteilung an <a href=\"mailto:info@instyleliving.eu\">info@instyleliving.eu<\/a> nutzen.<\/p>\n<p>11. INSTYLE LIVING HOUSE &amp; GARDEN FURNITURE S.L. wird keine unerw\u00fcnschten, bzw. nicht angefragten Nachrichten oder Kettennachrichten versenden. INSTYLE LIVING HOUSE &amp; GARDEN FURNITURE S.L. teilt den Nutzern mit, dass sie jederzeit die Zusendung von kommerziellen Mitteilungen per schriftlicher Mitteilung an <a href=\"mailto:info@instyleliving.eu\">info@instyleliving.eu<\/a> verweigern k\u00f6nnen.<\/p>\n<p>12. In Bezug auf pers\u00f6nliche Daten von Minderj\u00e4hrigen unter 18 Jahren, wird INSTYLE LIVING HOUSE &amp; GARDEN FURNITURE S.L. in keinem Fall Daten verwenden, die f\u00fcr die Minderj\u00e4hrigen nicht angemessen w\u00e4ren, sondern immer nur in \u00dcbereinstimmung mit dem Alter, der Erfahrung und der Reife dieser Zielgruppe, und niemals Daten bez\u00fcglich der wirtschaftliche Position oder Privatsph\u00e4re der Familienangeh\u00f6rigen erfassen. LIVING HOUSE &amp; GARDEN FURNITURE S.L. gibt den Eltern, bzw. den Erziehungsberechtigten die M\u00f6glichkeit, ihre Zugriffs-, \u00c4nderungs-, K\u00fcndigungs- und Widerspruchsrechte bzgl. der Daten der Minderj\u00e4hrigen zu nutzen und empfiehlt den Minderj\u00e4hrigen, erst R\u00fccksprache zu halten, bevor sie Daten mitteilen. Im Falle von Minderj\u00e4hrigen unter 14 Jahren, m\u00fcssen diese eine schriftliche Autorisierung der Eltern, bzw.\u00a0 Erziehungsberechtigten oder legalen Vertretern vorlegen, die die Behandlung ihrer Daten erlauben.<\/p>\n<p>13. COOKIES<\/p>\n<p>Ein Cookie ist ein kleines Textfragment, das von den Webseiten, die Sie besuchen an den Browser gesendet wird und das erm\u00f6glicht, dass die Webseite Informationen \u00fcber Ihren Besuch abspeichert, wie z. B. Ihre bevorzugte Sprache und andere Optionen, was Ihren n\u00e4chsten Besuch vereinfachen und die Nutzung der Webseite effizienter machen kann. Cookies haben eine wichtige Funktion, da ohne sie die Nutzung der Webseite eine nicht befriedigende Erfahrung w\u00e4re.<\/p>\n<p>Auf dieser Seite nutzen wir Cookies mit verschiedenen Zwecken, wie z.B. Ihre Vorlieben abzuspeichern, die Relevanz der Werbespots, die Sie sehen zu verst\u00e4rken, die Anzahl der Besuche auf unserer Seite zu z\u00e4hlen, Ihnen zu helfen, sich bei uns anzumelden und Ihre Daten zu sch\u00fctzen.<\/p>\n<p>Wir benutzen verschiedene Arten von Cookies f\u00fcr das Funktionieren unserer Webseite. Ein Teil oder alle dieser nachfolgend beschriebenen Cookies k\u00f6nnen auf Ihrem Browser gespeichert werden.<\/p>\n<\/div><\/section><br \/>\n<div class='avia-data-table-wrap av-av_table-79567314f19fdf27597651e950bcbb3a avia_responsive_table avia-table-1'><table  class='avia-table avia-data-table avia_pricing_default  avia-builder-el-4  el_after_av_textblock  el_before_av_textblock ' ><tbody><tr class='avia-heading-row'><th class=''>Nutzungskategorie<\/th><th class=''>Beschreibung<\/th><\/tr><tr class=''><td class=''>Einstellungscookies<\/td><td class=''>Diese Cookies erm\u00f6glichen, dass unsere Webseiten Informationen abspeichern, die den Aspekt oder das Verhalten der Seite ver\u00e4ndern, wie z. B. Ihre bevorzugte Sprache oder die Region in der Sie sich befinden. Ebenso erm\u00f6glichen diese Cookies Ihnen, die Textgr\u00f6\u00dfe, die Schriftart oder andere Teile der Webseite zu ver\u00e4ndern, die Sie individualisieren k\u00f6nnen. Der Verlust der abgespeicherten Information in einem Einstellungscookie kann zur Folge haben, dass das Surfen auf der Webseite weniger effizient ist, es d\u00fcrfte aber das Funktionieren der Seite nicht beeintr\u00e4chtigen.<\/td><\/tr><tr class=''><td class=''>Sitzungscookies<\/td><td class=''>Die Webseiten sammeln \u00fcblicherweise Informationen \u00fcber die Art und Weise, wie die Nutzer sich auf einer Webseite verhalten. Diese Informationen k\u00f6nnen die Seiten beinhalten, die die Nutzer am H\u00e4ufigsten besuchen und ob die Nutzer Fehlermeldungen von bestimmten Seiten bekommen. Wir nutzen die sogenannten \u201eSitzungscookies\u201c, um unsere Dienstleistungen f\u00fcr ein optimales Surfen zu verbessern. Wenn diese Cookies blockiert oder gel\u00f6scht werden, wird das Funktionieren der Seite nicht beeintr\u00e4chtigt.<\/td><\/tr><\/tbody><\/table><\/div><style type='text\/css'>.avia-table-1 td:nth-of-type(1):before { content: 'Nutzungskategorie'; } .avia-table-1 td:nth-of-type(2):before { content: 'Beschreibung'; } <\/style><br \/>\n<section  class='av_textblock_section av-av_textblock-0366cc7376be6c9e82a3e9cc8987b64f '  ><div class='avia_textblock' ><p>Sie k\u00f6nnen die Cookies dieser Webseite \u00fcber die Einstellungen Ihres Browsers einschr\u00e4nken, blockieren oder l\u00f6schen. Auf jedem Browser sind die Einstellungen unterschiedlich. \u00dcber die Funktion \u201eHilfe\u201c bekommen Sie eine Anleitung.<\/p>\n<p><b>Internet Explorer:<\/b> windows.microsoft.com\/es-xl\/internetexplorer\/delete-manage-cookies#ie=\u201die-10?<\/p>\n<p><b>FireFox:<\/b> support.mozilla.org\/es\/kb\/Borrar%20cookies<\/p>\n<p><b>Chrome:<\/b> support.google.com\/chrome\/answer\/95647?hl=\u201des\u201d<\/p>\n<p><b>Safari:<\/b> <a href=\"http:\/\/www.apple.com\/es\/privacy\/use-of-cookies\/\">www.apple.com\/es\/privacy\/use-of-cookies\/<\/a><\/p>\n<p>Inhaber der Webseite (www.instyleliving.eu) ist INSTYLE\u00a0LIVING HOUSE &amp; GARDEN FURNITURE S.L.<\/p>\n<\/div><\/section><\/p><\/div>\n","protected":false},"excerpt":{"rendered":"","protected":false},"author":3,"featured_media":0,"parent":0,"menu_order":92,"comment_status":"closed","ping_status":"closed","template":"","meta":{"_seopress_robots_primary_cat":"","_seopress_titles_title":"","_seopress_titles_desc":"","_seopress_robots_index":"","footnotes":""},"class_list":["post-382","page","type-page","status-publish","hentry"],"_links":{"self":[{"href":"https:\/\/www.instyleliving.com\/en\/wp-json\/wp\/v2\/pages\/382","targetHints":{"allow":["GET"]}}],"collection":[{"href":"https:\/\/www.instyleliving.com\/en\/wp-json\/wp\/v2\/pages"}],"about":[{"href":"https:\/\/www.instyleliving.com\/en\/wp-json\/wp\/v2\/types\/page"}],"author":[{"embeddable":true,"href":"https:\/\/www.instyleliving.com\/en\/wp-json\/wp\/v2\/users\/3"}],"replies":[{"embeddable":true,"href":"https:\/\/www.instyleliving.com\/en\/wp-json\/wp\/v2\/comments?post=382"}],"version-history":[{"count":0,"href":"https:\/\/www.instyleliving.com\/en\/wp-json\/wp\/v2\/pages\/382\/revisions"}],"wp:attachment":[{"href":"https:\/\/www.instyleliving.com\/en\/wp-json\/wp\/v2\/media?parent=382"}],"curies":[{"name":"wp","href":"https:\/\/api.w.org\/{rel}","templated":true}]}}