{"id":22056,"date":"2025-10-04T18:03:42","date_gmt":"2025-10-04T16:03:42","guid":{"rendered":"https:\/\/www.instyleliving.com\/existencias-restantes\/"},"modified":"2025-10-13T11:12:40","modified_gmt":"2025-10-13T09:12:40","slug":"existencias-restantes","status":"publish","type":"page","link":"https:\/\/www.instyleliving.com\/es\/existencias-restantes\/","title":{"rendered":"Existencias restantes"},"content":{"rendered":"<div  class='flex_column av-yvwcg-708285df3c183c1ba54bef7f8411f341 av_one_full  avia-builder-el-0  el_before_av_one_full  avia-builder-el-first  first flex_column_div  '     ><p>\n<style type=\"text\/css\" data-created_by=\"avia_inline_auto\" id=\"style-css-av-p1mhk-179437528dd2ef5474ece755dc1e483e\">\n#top .av-special-heading.av-p1mhk-179437528dd2ef5474ece755dc1e483e{\npadding-bottom:10px;\n}\nbody .av-special-heading.av-p1mhk-179437528dd2ef5474ece755dc1e483e .av-special-heading-tag .heading-char{\nfont-size:25px;\n}\n.av-special-heading.av-p1mhk-179437528dd2ef5474ece755dc1e483e .av-subheading{\nfont-size:15px;\n}\n<\/style>\n<div  class='av-special-heading av-p1mhk-179437528dd2ef5474ece755dc1e483e av-special-heading-h2 blockquote modern-quote  avia-builder-el-1  el_before_av_textblock  avia-builder-el-first '><h2 class='av-special-heading-tag '  >Piezas \u00fanicas a precios inigualables<\/h2><div class=\"special-heading-border\"><div class=\"special-heading-inner-border\"><\/div><\/div><\/div><br \/>\n<section  class='av_textblock_section av-j8cjc-52bd1ce9c50587b93140604e1b159d15 '  ><div class='avia_textblock' ><p>A veces nos quedan aut\u00e9nticos tesoros: piezas \u00fanicas y restos de stock que esperan un nuevo hogar. En este resumen encontrar\u00e1 nuestras piezas \u00fanicas actuales, a precios especialmente atractivos, en exclusiva en nuestra tienda.<\/p>\n<p>Venga, eche un vistazo y ll\u00e9vese su pieza favorita, hasta agotar existencias. Merece la pena visitarla con regularidad, \u00a1nuestras ofertas cambian constantemente!<\/p>\n<\/div><\/section><br \/>\n<div  class='hr av-hd9ew-97ce47d14e84e8a75c2d8082e6f8174e hr-default  avia-builder-el-3  el_after_av_textblock  avia-builder-el-last '><span class='hr-inner '><span class=\"hr-inner-style\"><\/span><\/span><\/div><\/p><\/div>\n<div  class='flex_column av-x0doff-61f22347e7b7f55afa2a389c746c7844 av_one_full  avia-builder-el-4  el_after_av_one_full  avia-builder-el-last  first flex_column_div  column-top-margin'     ><p>\n<style type=\"text\/css\" data-created_by=\"avia_inline_auto\" id=\"style-css-av-mgc6nco9-d5d7ed337898577743ba7c123907bc5d\">\n.avia-image-container.av-mgc6nco9-d5d7ed337898577743ba7c123907bc5d img.avia_image{\nbox-shadow:none;\n}\n.avia-image-container.av-mgc6nco9-d5d7ed337898577743ba7c123907bc5d .av-caption-image-overlay-bg{\nopacity:0.3;\nbackground-color:#000000;\n}\n.avia-image-container.av-mgc6nco9-d5d7ed337898577743ba7c123907bc5d .av-image-caption-overlay-center{\ncolor:#ffffff;\n}\n<\/style>\n<div  class='avia-image-container av-mgc6nco9-d5d7ed337898577743ba7c123907bc5d av-styling- av-hover-grow av-img-linked avia-align-center  avia-builder-el-5  el_before_av_image  avia-builder-el-first  noHover av-overlay-hover-deactivate'  ><div class=\"avia-image-container-inner\"><div class=\"avia-image-overlay-wrap\"><a href=\"https:\/\/www.instyleliving.com\/wp-content\/uploads\/2025\/10\/Holztisch_Outdoor-1030x589.jpeg\" data-srcset=\"https:\/\/www.instyleliving.com\/wp-content\/uploads\/2025\/10\/Holztisch_Outdoor-1030x589.jpeg 1030w, https:\/\/www.instyleliving.com\/wp-content\/uploads\/2025\/10\/Holztisch_Outdoor-300x171.jpeg 300w, https:\/\/www.instyleliving.com\/wp-content\/uploads\/2025\/10\/Holztisch_Outdoor-768x439.jpeg 768w, https:\/\/www.instyleliving.com\/wp-content\/uploads\/2025\/10\/Holztisch_Outdoor-705x403.jpeg 705w, https:\/\/www.instyleliving.com\/wp-content\/uploads\/2025\/10\/Holztisch_Outdoor.jpeg 1344w\" data-sizes=\"(max-width: 1030px) 100vw, 1030px\" class='avia_image '  aria-label='Holztisch_Outdoor'><div class=\"av-image-caption-overlay\"><div class=\"av-caption-image-overlay-bg\"><\/div><div class=\"av-image-caption-overlay-position\"><div class=\"av-image-caption-overlay-center\"><p>Mesa de teca para exteriores con estructura de aluminio.<br \/>Di\u00e1metro: 150 cm.<br \/><strong>1.290 \u20ac <\/strong><br \/><s>2.890 \u20ac<\/s><\/p>\n<\/div><\/div><\/div><img decoding=\"async\" fetchpriority=\"high\" class='wp-image-22048 avia-img-lazy-loading-not-22048 avia_image ' src=\"https:\/\/www.instyleliving.com\/wp-content\/uploads\/2025\/10\/Holztisch_Outdoor.jpeg\" alt='' title='Holztisch_Outdoor'  height=\"768\" width=\"1344\" srcset=\"https:\/\/www.instyleliving.com\/wp-content\/uploads\/2025\/10\/Holztisch_Outdoor.jpeg 1344w, https:\/\/www.instyleliving.com\/wp-content\/uploads\/2025\/10\/Holztisch_Outdoor-300x171.jpeg 300w, https:\/\/www.instyleliving.com\/wp-content\/uploads\/2025\/10\/Holztisch_Outdoor-1030x589.jpeg 1030w, https:\/\/www.instyleliving.com\/wp-content\/uploads\/2025\/10\/Holztisch_Outdoor-768x439.jpeg 768w, https:\/\/www.instyleliving.com\/wp-content\/uploads\/2025\/10\/Holztisch_Outdoor-705x403.jpeg 705w\" sizes=\"(max-width: 1344px) 100vw, 1344px\" \/><\/a><\/div><\/div><\/div><br \/>\n\n<style type=\"text\/css\" data-created_by=\"avia_inline_auto\" id=\"style-css-av-1fnlru3-238ad81f4e6cc1b1750ac9be86bb6970\">\n.avia-image-container.av-1fnlru3-238ad81f4e6cc1b1750ac9be86bb6970 img.avia_image{\nbox-shadow:none;\n}\n.avia-image-container.av-1fnlru3-238ad81f4e6cc1b1750ac9be86bb6970 .av-caption-image-overlay-bg{\nopacity:0.3;\nbackground-color:#000000;\n}\n.avia-image-container.av-1fnlru3-238ad81f4e6cc1b1750ac9be86bb6970 .av-image-caption-overlay-center{\ncolor:#ffffff;\n}\n<\/style>\n<div  class='avia-image-container av-1fnlru3-238ad81f4e6cc1b1750ac9be86bb6970 av-styling- av-hover-grow av-img-linked avia-align-center  avia-builder-el-6  el_after_av_image  el_before_av_image  noHover av-overlay-hover-deactivate'  ><div class=\"avia-image-container-inner\"><div class=\"avia-image-overlay-wrap\"><a href=\"https:\/\/www.instyleliving.com\/wp-content\/uploads\/2025\/10\/2Stuehle_am_Meer-1030x589.jpeg\" data-srcset=\"https:\/\/www.instyleliving.com\/wp-content\/uploads\/2025\/10\/2Stuehle_am_Meer-1030x589.jpeg 1030w, https:\/\/www.instyleliving.com\/wp-content\/uploads\/2025\/10\/2Stuehle_am_Meer-300x171.jpeg 300w, https:\/\/www.instyleliving.com\/wp-content\/uploads\/2025\/10\/2Stuehle_am_Meer-768x439.jpeg 768w, https:\/\/www.instyleliving.com\/wp-content\/uploads\/2025\/10\/2Stuehle_am_Meer-705x403.jpeg 705w, https:\/\/www.instyleliving.com\/wp-content\/uploads\/2025\/10\/2Stuehle_am_Meer.jpeg 1344w\" data-sizes=\"(max-width: 1030px) 100vw, 1030px\" class='avia_image '  aria-label='2Stuehle_am_Meer'><div class=\"av-image-caption-overlay\"><div class=\"av-caption-image-overlay-bg\"><\/div><div class=\"av-image-caption-overlay-position\"><div class=\"av-image-caption-overlay-center\"><p>2 sillas de aluminio de alta calidad con tapizado textil<br \/><strong>198 \u20ac <\/strong><br \/><s>458 \u20ac<\/s><\/p>\n<\/div><\/div><\/div><img decoding=\"async\" fetchpriority=\"high\" class='wp-image-22044 avia-img-lazy-loading-not-22044 avia_image ' src=\"https:\/\/www.instyleliving.com\/wp-content\/uploads\/2025\/10\/2Stuehle_am_Meer.jpeg\" alt='' title='2Stuehle_am_Meer'  height=\"768\" width=\"1344\" srcset=\"https:\/\/www.instyleliving.com\/wp-content\/uploads\/2025\/10\/2Stuehle_am_Meer.jpeg 1344w, https:\/\/www.instyleliving.com\/wp-content\/uploads\/2025\/10\/2Stuehle_am_Meer-300x171.jpeg 300w, https:\/\/www.instyleliving.com\/wp-content\/uploads\/2025\/10\/2Stuehle_am_Meer-1030x589.jpeg 1030w, https:\/\/www.instyleliving.com\/wp-content\/uploads\/2025\/10\/2Stuehle_am_Meer-768x439.jpeg 768w, https:\/\/www.instyleliving.com\/wp-content\/uploads\/2025\/10\/2Stuehle_am_Meer-705x403.jpeg 705w\" sizes=\"(max-width: 1344px) 100vw, 1344px\" \/><\/a><\/div><\/div><\/div><br \/>\n\n<style type=\"text\/css\" data-created_by=\"avia_inline_auto\" id=\"style-css-av-mgcgj6fw-d2c8b9cfe87f2470d683ea6706237f34\">\n.avia-image-container.av-mgcgj6fw-d2c8b9cfe87f2470d683ea6706237f34 img.avia_image{\nbox-shadow:none;\n}\n.avia-image-container.av-mgcgj6fw-d2c8b9cfe87f2470d683ea6706237f34 .av-caption-image-overlay-bg{\nopacity:0.3;\nbackground-color:#000000;\n}\n.avia-image-container.av-mgcgj6fw-d2c8b9cfe87f2470d683ea6706237f34 .av-image-caption-overlay-center{\ncolor:#ffffff;\n}\n<\/style>\n<div  class='avia-image-container av-mgcgj6fw-d2c8b9cfe87f2470d683ea6706237f34 av-styling- av-hover-grow av-img-linked avia-align-center  avia-builder-el-7  el_after_av_image  el_before_av_image  noHover av-overlay-hover-deactivate'  ><div class=\"avia-image-container-inner\"><div class=\"avia-image-overlay-wrap\"><a href=\"https:\/\/www.instyleliving.com\/wp-content\/uploads\/2025\/10\/sofaset-1030x589.jpeg\" data-srcset=\"https:\/\/www.instyleliving.com\/wp-content\/uploads\/2025\/10\/sofaset-1030x589.jpeg 1030w, https:\/\/www.instyleliving.com\/wp-content\/uploads\/2025\/10\/sofaset-300x171.jpeg 300w, https:\/\/www.instyleliving.com\/wp-content\/uploads\/2025\/10\/sofaset-768x439.jpeg 768w, https:\/\/www.instyleliving.com\/wp-content\/uploads\/2025\/10\/sofaset-705x403.jpeg 705w, https:\/\/www.instyleliving.com\/wp-content\/uploads\/2025\/10\/sofaset.jpeg 1344w\" data-sizes=\"(max-width: 1030px) 100vw, 1030px\" class='avia_image '  aria-label='sofaset'><div class=\"av-image-caption-overlay\"><div class=\"av-caption-image-overlay-bg\"><\/div><div class=\"av-image-caption-overlay-position\"><div class=\"av-image-caption-overlay-center\"><p>Conjunto de sof\u00e1s Prestige de alta calidad.<br \/>Material Batyline Sling resistente e impermeable.<br \/>Espumas de espuma Quick Dry original.<br \/>1 sof\u00e1 de 2 plazas, 2 sillones, 1 mesa de centro.<br \/>Incluye tablero de cristal. Precio incre\u00edble.<br \/><strong>3.800 \u20ac <\/strong><br \/><s>7.460 \u20ac<\/s><\/p>\n<\/div><\/div><\/div><img decoding=\"async\" fetchpriority=\"high\" class='wp-image-22011 avia-img-lazy-loading-not-22011 avia_image ' src=\"https:\/\/www.instyleliving.com\/wp-content\/uploads\/2025\/10\/sofaset.jpeg\" alt='' title='sofaset'  height=\"768\" width=\"1344\" srcset=\"https:\/\/www.instyleliving.com\/wp-content\/uploads\/2025\/10\/sofaset.jpeg 1344w, https:\/\/www.instyleliving.com\/wp-content\/uploads\/2025\/10\/sofaset-300x171.jpeg 300w, https:\/\/www.instyleliving.com\/wp-content\/uploads\/2025\/10\/sofaset-1030x589.jpeg 1030w, https:\/\/www.instyleliving.com\/wp-content\/uploads\/2025\/10\/sofaset-768x439.jpeg 768w, https:\/\/www.instyleliving.com\/wp-content\/uploads\/2025\/10\/sofaset-705x403.jpeg 705w\" sizes=\"(max-width: 1344px) 100vw, 1344px\" \/><\/a><\/div><\/div><\/div><br \/>\n\n<style type=\"text\/css\" data-created_by=\"avia_inline_auto\" id=\"style-css-av-mgcgpnc3-4ed4f47bfae0a094e9b7db92fa66fa02\">\n.avia-image-container.av-mgcgpnc3-4ed4f47bfae0a094e9b7db92fa66fa02 img.avia_image{\nbox-shadow:none;\n}\n.avia-image-container.av-mgcgpnc3-4ed4f47bfae0a094e9b7db92fa66fa02 .av-caption-image-overlay-bg{\nopacity:0.3;\nbackground-color:#000000;\n}\n.avia-image-container.av-mgcgpnc3-4ed4f47bfae0a094e9b7db92fa66fa02 .av-image-caption-overlay-center{\ncolor:#ffffff;\n}\n<\/style>\n<div  class='avia-image-container av-mgcgpnc3-4ed4f47bfae0a094e9b7db92fa66fa02 av-styling- av-hover-grow av-img-linked avia-align-center  avia-builder-el-8  el_after_av_image  el_before_av_image  noHover av-overlay-hover-deactivate'  ><div class=\"avia-image-container-inner\"><div class=\"avia-image-overlay-wrap\"><a href=\"https:\/\/www.instyleliving.com\/wp-content\/uploads\/2025\/10\/Holztisch-1030x589.jpg\" data-srcset=\"https:\/\/www.instyleliving.com\/wp-content\/uploads\/2025\/10\/Holztisch-1030x589.jpg 1030w, https:\/\/www.instyleliving.com\/wp-content\/uploads\/2025\/10\/Holztisch-300x171.jpg 300w, https:\/\/www.instyleliving.com\/wp-content\/uploads\/2025\/10\/Holztisch-768x439.jpg 768w, https:\/\/www.instyleliving.com\/wp-content\/uploads\/2025\/10\/Holztisch-705x403.jpg 705w, https:\/\/www.instyleliving.com\/wp-content\/uploads\/2025\/10\/Holztisch.jpg 1344w\" data-sizes=\"(max-width: 1030px) 100vw, 1030px\" class='avia_image '  aria-label='Holztisch'><div class=\"av-image-caption-overlay\"><div class=\"av-caption-image-overlay-bg\"><\/div><div class=\"av-image-caption-overlay-position\"><div class=\"av-image-caption-overlay-center\"><p>Gran mesa de comedor maciza de madera de teca reciclada<br \/>250 cm x 110 cm . Una joya.<br \/><strong>2.990 \u20ac <\/strong><br \/><s>4.690 \u20ac<\/s><\/p>\n<\/div><\/div><\/div><img decoding=\"async\" fetchpriority=\"high\" class='wp-image-22015 avia-img-lazy-loading-not-22015 avia_image ' src=\"https:\/\/www.instyleliving.com\/wp-content\/uploads\/2025\/10\/Holztisch.jpg\" alt='' title='Holztisch'  height=\"768\" width=\"1344\" srcset=\"https:\/\/www.instyleliving.com\/wp-content\/uploads\/2025\/10\/Holztisch.jpg 1344w, https:\/\/www.instyleliving.com\/wp-content\/uploads\/2025\/10\/Holztisch-300x171.jpg 300w, https:\/\/www.instyleliving.com\/wp-content\/uploads\/2025\/10\/Holztisch-1030x589.jpg 1030w, https:\/\/www.instyleliving.com\/wp-content\/uploads\/2025\/10\/Holztisch-768x439.jpg 768w, https:\/\/www.instyleliving.com\/wp-content\/uploads\/2025\/10\/Holztisch-705x403.jpg 705w\" sizes=\"(max-width: 1344px) 100vw, 1344px\" \/><\/a><\/div><\/div><\/div><br \/>\n\n<style type=\"text\/css\" data-created_by=\"avia_inline_auto\" id=\"style-css-av-mgci9ps2-5b48f7bb9e858ac958f98258d38891eb\">\n.avia-image-container.av-mgci9ps2-5b48f7bb9e858ac958f98258d38891eb img.avia_image{\nbox-shadow:none;\n}\n.avia-image-container.av-mgci9ps2-5b48f7bb9e858ac958f98258d38891eb .av-caption-image-overlay-bg{\nopacity:0.3;\nbackground-color:#000000;\n}\n.avia-image-container.av-mgci9ps2-5b48f7bb9e858ac958f98258d38891eb .av-image-caption-overlay-center{\ncolor:#ffffff;\n}\n<\/style>\n<div  class='avia-image-container av-mgci9ps2-5b48f7bb9e858ac958f98258d38891eb av-styling- av-hover-grow av-img-linked avia-align-center  avia-builder-el-9  el_after_av_image  el_before_av_image  noHover av-overlay-hover-deactivate'  ><div class=\"avia-image-container-inner\"><div class=\"avia-image-overlay-wrap\"><a href=\"https:\/\/www.instyleliving.com\/wp-content\/uploads\/2025\/10\/Sitzgruppe-1030x589.jpeg\" data-srcset=\"https:\/\/www.instyleliving.com\/wp-content\/uploads\/2025\/10\/Sitzgruppe-1030x589.jpeg 1030w, https:\/\/www.instyleliving.com\/wp-content\/uploads\/2025\/10\/Sitzgruppe-300x171.jpeg 300w, https:\/\/www.instyleliving.com\/wp-content\/uploads\/2025\/10\/Sitzgruppe-768x439.jpeg 768w, https:\/\/www.instyleliving.com\/wp-content\/uploads\/2025\/10\/Sitzgruppe-705x403.jpeg 705w, https:\/\/www.instyleliving.com\/wp-content\/uploads\/2025\/10\/Sitzgruppe.jpeg 1344w\" data-sizes=\"(max-width: 1030px) 100vw, 1030px\" class='avia_image '  aria-label='Sitzgruppe'><div class=\"av-image-caption-overlay\"><div class=\"av-caption-image-overlay-bg\"><\/div><div class=\"av-image-caption-overlay-position\"><div class=\"av-image-caption-overlay-center\"><p>Acogedor conjunto de sof\u00e1s en forma de L con mesita incluida<br \/>Estructura de aluminio, fundas repelentes al agua<br \/><strong>1.490 \u20ac <\/strong><br \/><s>2.990 \u20ac<\/s><\/p>\n<\/div><\/div><\/div><img decoding=\"async\" fetchpriority=\"high\" class='wp-image-22023 avia-img-lazy-loading-not-22023 avia_image ' src=\"https:\/\/www.instyleliving.com\/wp-content\/uploads\/2025\/10\/Sitzgruppe.jpeg\" alt='' title='Sitzgruppe'  height=\"768\" width=\"1344\" srcset=\"https:\/\/www.instyleliving.com\/wp-content\/uploads\/2025\/10\/Sitzgruppe.jpeg 1344w, https:\/\/www.instyleliving.com\/wp-content\/uploads\/2025\/10\/Sitzgruppe-300x171.jpeg 300w, https:\/\/www.instyleliving.com\/wp-content\/uploads\/2025\/10\/Sitzgruppe-1030x589.jpeg 1030w, https:\/\/www.instyleliving.com\/wp-content\/uploads\/2025\/10\/Sitzgruppe-768x439.jpeg 768w, https:\/\/www.instyleliving.com\/wp-content\/uploads\/2025\/10\/Sitzgruppe-705x403.jpeg 705w\" sizes=\"(max-width: 1344px) 100vw, 1344px\" \/><\/a><\/div><\/div><\/div><br \/>\n\n<style type=\"text\/css\" data-created_by=\"avia_inline_auto\" id=\"style-css-av-mgcifk55-b81f40a43e153d85ba6c7b2de218fb56\">\n.avia-image-container.av-mgcifk55-b81f40a43e153d85ba6c7b2de218fb56 img.avia_image{\nbox-shadow:none;\n}\n.avia-image-container.av-mgcifk55-b81f40a43e153d85ba6c7b2de218fb56 .av-caption-image-overlay-bg{\nopacity:0.3;\nbackground-color:#000000;\n}\n.avia-image-container.av-mgcifk55-b81f40a43e153d85ba6c7b2de218fb56 .av-image-caption-overlay-center{\ncolor:#ffffff;\n}\n<\/style>\n<div  class='avia-image-container av-mgcifk55-b81f40a43e153d85ba6c7b2de218fb56 av-styling- av-hover-grow av-img-linked avia-align-center  avia-builder-el-10  el_after_av_image  el_before_av_image  noHover av-overlay-hover-deactivate'  ><div class=\"avia-image-container-inner\"><div class=\"avia-image-overlay-wrap\"><a href=\"https:\/\/www.instyleliving.com\/wp-content\/uploads\/2025\/10\/Stuhl_modern-1030x589.jpeg\" data-srcset=\"https:\/\/www.instyleliving.com\/wp-content\/uploads\/2025\/10\/Stuhl_modern-1030x589.jpeg 1030w, https:\/\/www.instyleliving.com\/wp-content\/uploads\/2025\/10\/Stuhl_modern-300x171.jpeg 300w, https:\/\/www.instyleliving.com\/wp-content\/uploads\/2025\/10\/Stuhl_modern-768x439.jpeg 768w, https:\/\/www.instyleliving.com\/wp-content\/uploads\/2025\/10\/Stuhl_modern-705x403.jpeg 705w, https:\/\/www.instyleliving.com\/wp-content\/uploads\/2025\/10\/Stuhl_modern.jpeg 1344w\" data-sizes=\"(max-width: 1030px) 100vw, 1030px\" class='avia_image '  aria-label='Stuhl_modern'><div class=\"av-image-caption-overlay\"><div class=\"av-caption-image-overlay-bg\"><\/div><div class=\"av-image-caption-overlay-position\"><div class=\"av-image-caption-overlay-center\"><p>Elegante sill\u00f3n para exteriores.<br \/>Materiales de alta calidad.<br \/><strong>890 \u20ac <\/strong><br \/><s>1.790 \u20ac<\/s><\/p>\n<\/div><\/div><\/div><img decoding=\"async\" fetchpriority=\"high\" class='wp-image-22027 avia-img-lazy-loading-not-22027 avia_image ' src=\"https:\/\/www.instyleliving.com\/wp-content\/uploads\/2025\/10\/Stuhl_modern.jpeg\" alt='' title='Stuhl_modern'  height=\"768\" width=\"1344\" srcset=\"https:\/\/www.instyleliving.com\/wp-content\/uploads\/2025\/10\/Stuhl_modern.jpeg 1344w, https:\/\/www.instyleliving.com\/wp-content\/uploads\/2025\/10\/Stuhl_modern-300x171.jpeg 300w, https:\/\/www.instyleliving.com\/wp-content\/uploads\/2025\/10\/Stuhl_modern-1030x589.jpeg 1030w, https:\/\/www.instyleliving.com\/wp-content\/uploads\/2025\/10\/Stuhl_modern-768x439.jpeg 768w, https:\/\/www.instyleliving.com\/wp-content\/uploads\/2025\/10\/Stuhl_modern-705x403.jpeg 705w\" sizes=\"(max-width: 1344px) 100vw, 1344px\" \/><\/a><\/div><\/div><\/div><br \/>\n\n<style type=\"text\/css\" data-created_by=\"avia_inline_auto\" id=\"style-css-av-mgcin1ce-7271c2fb58490d7924eb4df5858ad9d0\">\n.avia-image-container.av-mgcin1ce-7271c2fb58490d7924eb4df5858ad9d0 img.avia_image{\nbox-shadow:none;\n}\n.avia-image-container.av-mgcin1ce-7271c2fb58490d7924eb4df5858ad9d0 .av-caption-image-overlay-bg{\nopacity:0.3;\nbackground-color:#000000;\n}\n.avia-image-container.av-mgcin1ce-7271c2fb58490d7924eb4df5858ad9d0 .av-image-caption-overlay-center{\ncolor:#ffffff;\n}\n<\/style>\n<div  class='avia-image-container av-mgcin1ce-7271c2fb58490d7924eb4df5858ad9d0 av-styling- av-hover-grow av-img-linked avia-align-center  avia-builder-el-11  el_after_av_image  el_before_av_image  noHover av-overlay-hover-deactivate'  ><div class=\"avia-image-container-inner\"><div class=\"avia-image-overlay-wrap\"><a href=\"https:\/\/www.instyleliving.com\/wp-content\/uploads\/2025\/10\/Tisch_mit_Stuehlen-1030x589.jpeg\" data-srcset=\"https:\/\/www.instyleliving.com\/wp-content\/uploads\/2025\/10\/Tisch_mit_Stuehlen-1030x589.jpeg 1030w, https:\/\/www.instyleliving.com\/wp-content\/uploads\/2025\/10\/Tisch_mit_Stuehlen-300x171.jpeg 300w, https:\/\/www.instyleliving.com\/wp-content\/uploads\/2025\/10\/Tisch_mit_Stuehlen-768x439.jpeg 768w, https:\/\/www.instyleliving.com\/wp-content\/uploads\/2025\/10\/Tisch_mit_Stuehlen-705x403.jpeg 705w, https:\/\/www.instyleliving.com\/wp-content\/uploads\/2025\/10\/Tisch_mit_Stuehlen.jpeg 1344w\" data-sizes=\"(max-width: 1030px) 100vw, 1030px\" class='avia_image '  aria-label='Tisch_mit_Stuehlen'><div class=\"av-image-caption-overlay\"><div class=\"av-caption-image-overlay-bg\"><\/div><div class=\"av-image-caption-overlay-position\"><div class=\"av-image-caption-overlay-center\"><p>Moderna mesa de comedor con estructura de acero inoxidable y tablero de madera de teca.<br \/>Incluye 6 sillas de comedor fabricadas con material Batyline Sling resistente a la intemperie.<br \/>Cojines con espuma Quick Dry Foam.<br \/><strong>2.590 \u20ac <\/strong><br \/><s>5.030 \u20ac<\/s><\/p>\n<\/div><\/div><\/div><img decoding=\"async\" fetchpriority=\"high\" class='wp-image-22032 avia-img-lazy-loading-not-22032 avia_image ' src=\"https:\/\/www.instyleliving.com\/wp-content\/uploads\/2025\/10\/Tisch_mit_Stuehlen.jpeg\" alt='' title='Tisch_mit_Stuehlen'  height=\"768\" width=\"1344\" srcset=\"https:\/\/www.instyleliving.com\/wp-content\/uploads\/2025\/10\/Tisch_mit_Stuehlen.jpeg 1344w, https:\/\/www.instyleliving.com\/wp-content\/uploads\/2025\/10\/Tisch_mit_Stuehlen-300x171.jpeg 300w, https:\/\/www.instyleliving.com\/wp-content\/uploads\/2025\/10\/Tisch_mit_Stuehlen-1030x589.jpeg 1030w, https:\/\/www.instyleliving.com\/wp-content\/uploads\/2025\/10\/Tisch_mit_Stuehlen-768x439.jpeg 768w, https:\/\/www.instyleliving.com\/wp-content\/uploads\/2025\/10\/Tisch_mit_Stuehlen-705x403.jpeg 705w\" sizes=\"(max-width: 1344px) 100vw, 1344px\" \/><\/a><\/div><\/div><\/div><br \/>\n\n<style type=\"text\/css\" data-created_by=\"avia_inline_auto\" id=\"style-css-av-mgcitbyb-2372e7ea843ce79db7bce854f0624b42\">\n.avia-image-container.av-mgcitbyb-2372e7ea843ce79db7bce854f0624b42 img.avia_image{\nbox-shadow:none;\n}\n.avia-image-container.av-mgcitbyb-2372e7ea843ce79db7bce854f0624b42 .av-caption-image-overlay-bg{\nopacity:0.3;\nbackground-color:#000000;\n}\n.avia-image-container.av-mgcitbyb-2372e7ea843ce79db7bce854f0624b42 .av-image-caption-overlay-center{\ncolor:#ffffff;\n}\n<\/style>\n<div  class='avia-image-container av-mgcitbyb-2372e7ea843ce79db7bce854f0624b42 av-styling- av-hover-grow av-img-linked avia-align-center  avia-builder-el-12  el_after_av_image  avia-builder-el-last  noHover av-overlay-hover-deactivate'  ><div class=\"avia-image-container-inner\"><div class=\"avia-image-overlay-wrap\"><a href=\"https:\/\/www.instyleliving.com\/wp-content\/uploads\/2025\/10\/Sofaset_mit_Tischen-1030x589.jpeg\" data-srcset=\"https:\/\/www.instyleliving.com\/wp-content\/uploads\/2025\/10\/Sofaset_mit_Tischen-1030x589.jpeg 1030w, https:\/\/www.instyleliving.com\/wp-content\/uploads\/2025\/10\/Sofaset_mit_Tischen-300x171.jpeg 300w, https:\/\/www.instyleliving.com\/wp-content\/uploads\/2025\/10\/Sofaset_mit_Tischen-768x439.jpeg 768w, https:\/\/www.instyleliving.com\/wp-content\/uploads\/2025\/10\/Sofaset_mit_Tischen-705x403.jpeg 705w, https:\/\/www.instyleliving.com\/wp-content\/uploads\/2025\/10\/Sofaset_mit_Tischen.jpeg 1344w\" data-sizes=\"(max-width: 1030px) 100vw, 1030px\" class='avia_image '  aria-label='Sofaset_mit_Tischen'><div class=\"av-image-caption-overlay\"><div class=\"av-caption-image-overlay-bg\"><\/div><div class=\"av-image-caption-overlay-position\"><div class=\"av-image-caption-overlay-center\"><p>Elegante conjunto de sof\u00e1s para exterior. Materiales de primera calidad.<br \/><strong>3.990 \u20ac <\/strong><br \/><s>4.990 \u20ac<\/s><\/p>\n<\/div><\/div><\/div><img decoding=\"async\" fetchpriority=\"high\" class='wp-image-22036 avia-img-lazy-loading-not-22036 avia_image ' src=\"https:\/\/www.instyleliving.com\/wp-content\/uploads\/2025\/10\/Sofaset_mit_Tischen.jpeg\" alt='' title='Sofaset_mit_Tischen'  height=\"768\" width=\"1344\" srcset=\"https:\/\/www.instyleliving.com\/wp-content\/uploads\/2025\/10\/Sofaset_mit_Tischen.jpeg 1344w, https:\/\/www.instyleliving.com\/wp-content\/uploads\/2025\/10\/Sofaset_mit_Tischen-300x171.jpeg 300w, https:\/\/www.instyleliving.com\/wp-content\/uploads\/2025\/10\/Sofaset_mit_Tischen-1030x589.jpeg 1030w, https:\/\/www.instyleliving.com\/wp-content\/uploads\/2025\/10\/Sofaset_mit_Tischen-768x439.jpeg 768w, https:\/\/www.instyleliving.com\/wp-content\/uploads\/2025\/10\/Sofaset_mit_Tischen-705x403.jpeg 705w\" sizes=\"(max-width: 1344px) 100vw, 1344px\" \/><\/a><\/div><\/div><\/div><\/p><\/div>\n","protected":false},"excerpt":{"rendered":"","protected":false},"author":3,"featured_media":22036,"parent":0,"menu_order":0,"comment_status":"closed","ping_status":"closed","template":"","meta":{"_seopress_robots_primary_cat":"","_seopress_titles_title":"","_seopress_titles_desc":"","_seopress_robots_index":"","footnotes":""},"class_list":["post-22056","page","type-page","status-publish","has-post-thumbnail","hentry"],"_links":{"self":[{"href":"https:\/\/www.instyleliving.com\/es\/wp-json\/wp\/v2\/pages\/22056","targetHints":{"allow":["GET"]}}],"collection":[{"href":"https:\/\/www.instyleliving.com\/es\/wp-json\/wp\/v2\/pages"}],"about":[{"href":"https:\/\/www.instyleliving.com\/es\/wp-json\/wp\/v2\/types\/page"}],"author":[{"embeddable":true,"href":"https:\/\/www.instyleliving.com\/es\/wp-json\/wp\/v2\/users\/3"}],"replies":[{"embeddable":true,"href":"https:\/\/www.instyleliving.com\/es\/wp-json\/wp\/v2\/comments?post=22056"}],"version-history":[{"count":0,"href":"https:\/\/www.instyleliving.com\/es\/wp-json\/wp\/v2\/pages\/22056\/revisions"}],"wp:featuredmedia":[{"embeddable":true,"href":"https:\/\/www.instyleliving.com\/es\/wp-json\/wp\/v2\/media\/22036"}],"wp:attachment":[{"href":"https:\/\/www.instyleliving.com\/es\/wp-json\/wp\/v2\/media?parent=22056"}],"curies":[{"name":"wp","href":"https:\/\/api.w.org\/{rel}","templated":true}]}}